{"id":352,"date":"2025-07-21T20:24:14","date_gmt":"2025-07-21T23:24:14","guid":{"rendered":"http:\/\/rbr.local\/?page_id=352"},"modified":"2026-01-29T14:58:20","modified_gmt":"2026-01-29T17:58:20","slug":"cadastro-investidor","status":"publish","type":"page","link":"https:\/\/www.rbrasset.com.br\/es\/cadastro-investidor\/","title":{"rendered":"El Registro Del Inversor"},"content":{"rendered":"<div data-elementor-type=\"wp-page\" data-elementor-id=\"352\" class=\"elementor elementor-352\" data-elementor-post-type=\"page\">\n\t\t\t\t<div class=\"elementor-element elementor-element-ac322b9 e-flex e-con-boxed e-con e-parent\" data-id=\"ac322b9\" data-element_type=\"container\" data-e-type=\"container\" data-settings=\"{&quot;background_background&quot;:&quot;classic&quot;}\">\n\t\t\t\t\t<div class=\"e-con-inner\">\n\t\t\t\t<div class=\"elementor-element elementor-element-995b66d elementor-widget__width-initial elementor-widget elementor-widget-heading\" data-id=\"995b66d\" data-element_type=\"widget\" data-e-type=\"widget\" data-widget_type=\"heading.default\">\n\t\t\t\t\t<h2 class=\"elementor-heading-title elementor-size-default\">Recibe directamente en tu correo electr\u00f3nico la informaci\u00f3n del(de los) fondo(s). el que est\u00e1 dispuesto a invertir.<\/h2>\t\t\t\t<\/div>\n\t\t\t\t<div class=\"elementor-element elementor-element-c967a7f elementor-tablet-align-justify elementor-widget-tablet__width-inherit elementor-align-justify elementor-widget__width-initial elementor-widget elementor-widget-button\" data-id=\"c967a7f\" data-element_type=\"widget\" data-e-type=\"widget\" data-widget_type=\"button.default\">\n\t\t\t\t\t\t\t\t\t\t<a class=\"elementor-button elementor-button-link elementor-size-sm\" href=\"#saibamais\">\n\t\t\t\t\t\t<span class=\"elementor-button-content-wrapper\">\n\t\t\t\t\t\t\t\t\t<span class=\"elementor-button-text\">M\u00e1s informaci\u00f3n<\/span>\n\t\t\t\t\t<\/span>\n\t\t\t\t\t<\/a>\n\t\t\t\t\t\t\t\t<\/div>\n\t\t\t\t\t<\/div>\n\t\t\t\t<\/div>\n\t\t<div class=\"elementor-element elementor-element-a378125 e-flex e-con-boxed e-con e-parent\" data-id=\"a378125\" data-element_type=\"container\" data-e-type=\"container\">\n\t\t\t\t\t<div class=\"e-con-inner\">\n\t\t\t\t<div class=\"elementor-element elementor-element-cef6a37 elementor-absolute elementor-widget elementor-widget-menu-anchor\" data-id=\"cef6a37\" data-element_type=\"widget\" data-e-type=\"widget\" data-settings=\"{&quot;_position&quot;:&quot;absolute&quot;}\" data-widget_type=\"menu-anchor.default\">\n\t\t\t\t\t\t\t<div class=\"elementor-menu-anchor\" id=\"saibamais\"><\/div>\n\t\t\t\t\t\t<\/div>\n\t\t\t\t<div class=\"elementor-element elementor-element-90a3604 elementor-widget elementor-widget-heading\" data-id=\"90a3604\" data-element_type=\"widget\" data-e-type=\"widget\" data-widget_type=\"heading.default\">\n\t\t\t\t\t<h2 class=\"elementor-heading-title elementor-size-default\">Aqu\u00ed usted puede registrarse para recibir:<\/h2>\t\t\t\t<\/div>\n\t\t<div class=\"elementor-element elementor-element-880894c e-grid e-con-full e-con e-child\" data-id=\"880894c\" data-element_type=\"container\" data-e-type=\"container\">\n\t\t<div class=\"elementor-element elementor-element-db24e34 e-con-full e-flex e-con e-child\" data-id=\"db24e34\" data-element_type=\"container\" data-e-type=\"container\">\n\t\t\t\t<div class=\"elementor-element elementor-element-425dc40 elementor-widget elementor-widget-image\" data-id=\"425dc40\" data-element_type=\"widget\" data-e-type=\"widget\" data-widget_type=\"image.default\">\n\t\t\t\t\t\t\t\t\t\t\t\t\t\t\t<img decoding=\"async\" width=\"96\" height=\"96\" src=\"https:\/\/www.rbrasset.com.br\/wp-content\/uploads\/2025\/07\/document-chart-hand.svg\" class=\"attachment-large size-large wp-image-359\" alt=\"document chart hand\" \/>\t\t\t\t\t\t\t\t\t\t\t\t\t\t\t<\/div>\n\t\t\t\t<div class=\"elementor-element elementor-element-7585ebd elementor-widget elementor-widget-heading\" data-id=\"7585ebd\" data-element_type=\"widget\" data-e-type=\"widget\" data-widget_type=\"heading.default\">\n\t\t\t\t\t<h2 class=\"elementor-heading-title elementor-size-default\">Los Informes mensuales de los ingresos<\/h2>\t\t\t\t<\/div>\n\t\t\t\t<\/div>\n\t\t<div class=\"elementor-element elementor-element-ed89f54 e-con-full e-flex e-con e-child\" data-id=\"ed89f54\" data-element_type=\"container\" data-e-type=\"container\">\n\t\t\t\t<div class=\"elementor-element elementor-element-cda6833 elementor-widget elementor-widget-image\" data-id=\"cda6833\" data-element_type=\"widget\" data-e-type=\"widget\" data-widget_type=\"image.default\">\n\t\t\t\t\t\t\t\t\t\t\t\t\t\t\t<img decoding=\"async\" width=\"96\" height=\"96\" src=\"https:\/\/www.rbrasset.com.br\/wp-content\/uploads\/2025\/07\/documents-file-chart.svg\" class=\"attachment-large size-large wp-image-360\" alt=\"documents file chart\" \/>\t\t\t\t\t\t\t\t\t\t\t\t\t\t\t<\/div>\n\t\t\t\t<div class=\"elementor-element elementor-element-4bb852d elementor-widget elementor-widget-heading\" data-id=\"4bb852d\" data-element_type=\"widget\" data-e-type=\"widget\" data-widget_type=\"heading.default\">\n\t\t\t\t\t<h2 class=\"elementor-heading-title elementor-size-default\">Los informes de gesti\u00f3n y de los resultados de la<\/h2>\t\t\t\t<\/div>\n\t\t\t\t<\/div>\n\t\t<div class=\"elementor-element elementor-element-24c3978 e-con-full e-flex e-con e-child\" data-id=\"24c3978\" data-element_type=\"container\" data-e-type=\"container\">\n\t\t\t\t<div class=\"elementor-element elementor-element-036048f elementor-widget elementor-widget-image\" data-id=\"036048f\" data-element_type=\"widget\" data-e-type=\"widget\" data-widget_type=\"image.default\">\n\t\t\t\t\t\t\t\t\t\t\t\t\t\t\t<img decoding=\"async\" width=\"96\" height=\"96\" src=\"https:\/\/www.rbrasset.com.br\/wp-content\/uploads\/2025\/07\/laptop-email-mail-letter-top-right.svg\" class=\"attachment-large size-large wp-image-361\" alt=\"laptop email mail letter top right\" \/>\t\t\t\t\t\t\t\t\t\t\t\t\t\t\t<\/div>\n\t\t\t\t<div class=\"elementor-element elementor-element-8ef7a55 elementor-widget elementor-widget-heading\" data-id=\"8ef7a55\" data-element_type=\"widget\" data-e-type=\"widget\" data-widget_type=\"heading.default\">\n\t\t\t\t\t<h2 class=\"elementor-heading-title elementor-size-default\">Comunicaciones y hechos relevantes<\/h2>\t\t\t\t<\/div>\n\t\t\t\t<\/div>\n\t\t<div class=\"elementor-element elementor-element-19ae200 e-con-full e-flex e-con e-child\" data-id=\"19ae200\" data-element_type=\"container\" data-e-type=\"container\">\n\t\t\t\t<div class=\"elementor-element elementor-element-fee9aad elementor-widget elementor-widget-image\" data-id=\"fee9aad\" data-element_type=\"widget\" data-e-type=\"widget\" data-widget_type=\"image.default\">\n\t\t\t\t\t\t\t\t\t\t\t\t\t\t\t<img loading=\"lazy\" decoding=\"async\" width=\"96\" height=\"96\" src=\"https:\/\/www.rbrasset.com.br\/wp-content\/uploads\/2025\/07\/document-checkmark.svg\" class=\"attachment-large size-large wp-image-362\" alt=\"document checkmark\" \/>\t\t\t\t\t\t\t\t\t\t\t\t\t\t\t<\/div>\n\t\t\t\t<div class=\"elementor-element elementor-element-384031b elementor-widget elementor-widget-heading\" data-id=\"384031b\" data-element_type=\"widget\" data-e-type=\"widget\" data-widget_type=\"heading.default\">\n\t\t\t\t\t<h2 class=\"elementor-heading-title elementor-size-default\">Las advertencias acerca de los beneficios y otros eventos<\/h2>\t\t\t\t<\/div>\n\t\t\t\t<\/div>\n\t\t\t\t<\/div>\n\t\t\t\t<div class=\"elementor-element elementor-element-b23452f elementor-widget elementor-widget-text-editor\" data-id=\"b23452f\" data-element_type=\"widget\" data-e-type=\"widget\" data-widget_type=\"text-editor.default\">\n\t\t\t\t\t\t\t\t\t<p>*Este formulario es de uso exclusivo para los socios que ya se han invertido en los fondos de RBR.<\/p><p>Si desea recibir noticias, an\u00e1lisis y novedades del mercado, reg\u00edstrese en nuestra newsletter a trav\u00e9s de los formularios disponibles en todas las p\u00e1ginas de nuestro sitio web.<\/p>\t\t\t\t\t\t\t\t<\/div>\n\t\t\t\t\t<\/div>\n\t\t\t\t<\/div>\n\t\t<div class=\"elementor-element elementor-element-a72f16c e-flex e-con-boxed e-con e-parent\" data-id=\"a72f16c\" data-element_type=\"container\" data-e-type=\"container\" data-settings=\"{&quot;background_background&quot;:&quot;classic&quot;}\">\n\t\t\t\t\t<div class=\"e-con-inner\">\n\t\t<div class=\"elementor-element elementor-element-7636fca e-con-full e-flex e-con e-child\" data-id=\"7636fca\" data-element_type=\"container\" data-e-type=\"container\" data-settings=\"{&quot;background_background&quot;:&quot;classic&quot;}\">\n\t\t\t\t<div class=\"elementor-element elementor-element-d91df2c elementor-absolute elementor-widget elementor-widget-menu-anchor\" data-id=\"d91df2c\" data-element_type=\"widget\" data-e-type=\"widget\" data-settings=\"{&quot;_position&quot;:&quot;absolute&quot;}\" data-widget_type=\"menu-anchor.default\">\n\t\t\t\t\t\t\t<div class=\"elementor-menu-anchor\" id=\"newsletter\"><\/div>\n\t\t\t\t\t\t<\/div>\n\t\t\t\t<div class=\"elementor-element elementor-element-d48a2b7 elementor-widget elementor-widget-heading\" data-id=\"d48a2b7\" data-element_type=\"widget\" data-e-type=\"widget\" data-widget_type=\"heading.default\">\n\t\t\t\t\t<h2 class=\"elementor-heading-title elementor-size-default\">Seleccione los fondos de RBR, que se encuentra en la cartera de y rellena tus datos para recibir las actualizaciones.<\/h2>\t\t\t\t<\/div>\n\t\t\t\t<div class=\"elementor-element elementor-element-926d5a7 elementor-widget elementor-widget-html\" data-id=\"926d5a7\" data-element_type=\"widget\" data-e-type=\"widget\" data-widget_type=\"html.default\">\n\t\t\t\t\t<div role=\"main\" id=\"rbr_form_cadastro_investidor-132f765818886027c1ed\"><\/div><script type=\"text\/javascript\" src=\"https:\/\/d335luupugsy2.cloudfront.net\/js\/rdstation-forms\/stable\/rdstation-forms.min.js\"><\/script><script type=\"text\/javascript\"> new RDStationForms('rbr_form_cadastro_investidor-132f765818886027c1ed', 'null').createForm();<\/script>\r\n\r\n<style>\r\n@media(min-width: 900px){\r\n    #conversion-form-rbr_form_cadastro_investidor > div.bricks-form__fieldset > div:nth-child(1),  #conversion-form-rbr_form_cadastro_investidor > div.bricks-form__fieldset > div:nth-child(2){\r\n        width: 45% !Important;\r\n    }\r\n}\r\n    #conversion-form-rbr_form_cadastro_investidor > div.bricks-form__fieldset{\r\n        gap: 20px 0;\r\n    }\r\n\r\n@media(max-width: 900px){\r\n    #conversion-form-rbr_form_cadastro_investidor #rd-button-mg6msmdj{\r\n        margin-top: 55px !important;\r\n    }\r\n}\r\n<\/style>\r\n\r\n<script>\r\njQuery(document).ready(function() {\r\n    const selectorParaEsconder = [\r\n        'input[type=\"checkbox\"][value=\"CENU11\"]','input[type=\"checkbox\"][value=\"RBRX11\"]','input[type=\"checkbox\"][value=\"RBR Prime Offices\"]','input[type=\"checkbox\"][value=\"TOPP11\"]','input[type=\"checkbox\"][value=\"RBRL11\"]','input[type=\"checkbox\"][value=\"RBRP11\"]','input[type=\"checkbox\"][value=\"ROPP11\"]','input[type=\"checkbox\"][value=\"RPRX11\"]','input[type=\"checkbox\"][value=\"RPRI11\"]','input[type=\"checkbox\"][value=\"RBRY11\"]','input[type=\"checkbox\"][value=\"RBRR11\"]','input[type=\"checkbox\"][value=\"PULV11\"]',\r\n        'input[type=\"checkbox\"][value=\"Credit Opportunities\"]',\r\n        'input[type=\"checkbox\"][value=\"RBRF11\"]'\r\n    ].join(', '); \/\/ Cria um seletor \u00fanico como: 'input[...], input[...], input[...]'\r\n\r\n    const targetNode = document.body; \/\/ Observa o corpo inteiro do documento para novos elementos\r\n    const config = { childList: true, subtree: true }; \/\/ Observa a adi\u00e7\u00e3o de novos n\u00f3s em qualquer profundidade\r\n\r\n    \/\/ Fun\u00e7\u00e3o que esconde os elementos\r\n    const esconderOpcoes = function() {\r\n        const elementosParaEsconder = jQuery(selectorParaEsconder);\r\n        \r\n        if (elementosParaEsconder.length > 0) {\r\n            \/\/ Esconde os elementos encontrados\r\n            elementosParaEsconder.each(function() {\r\n                jQuery(this).closest('.bricks-form__field__option').hide();\r\n            });\r\n\r\n            \/\/ Opcional: Desconecta o observer ap\u00f3s encontrar e esconder os elementos\r\n            \/\/ observer.disconnect();\r\n        }\r\n    };\r\n\r\n    \/\/ 1. Tenta esconder imediatamente, caso j\u00e1 tenha carregado\r\n    esconderOpcoes();\r\n\r\n    \/\/ 2. Cria e inicia o MutationObserver\r\n    const observer = new MutationObserver(esconderOpcoes);\r\n    observer.observe(targetNode, config);\r\n\r\n    \/\/ *Nota:* Se voc\u00ea quiser que o script pare de procurar depois de um tempo ou encontrar,\r\n    \/\/ descomente a linha `observer.disconnect()` dentro de `esconderOpcoes`.\r\n});\r\n\r\n\r\n\r\nconst alterarTextosRD = () => {\r\n  \/\/ Mapeamento: ID do input -> Novo Texto\r\n  const campos = {\r\n    'rd-checkboxes_field-fVaGj_hy2c2vfkXNi9hucw_RBR_Club_II_FIM_CP_IE': ' RBR Club II IE FIF MULT',\r\n    'rd-checkboxes_field-fVaGj_hy2c2vfkXNi9hucw_RBR_Club_III_FIM_CP_IE': ' RBR Club III IE FIF MULT'\r\n  };\r\n\r\n  for (let id in campos) {\r\n    const input = document.getElementById(id);\r\n    if (input && input.parentElement) {\r\n      input.parentElement.lastChild.textContent = campos[id];\r\n      \/\/ Aplica a fonte Open Sans\r\n      input.parentElement.style.fontFamily = \"'Open Sans', sans-serif\";\r\n    }\r\n  }\r\n};\r\n\r\n\/\/ Observador que detecta quando o formul\u00e1rio \u00e9 inserido na p\u00e1gina\r\nconst observer = new MutationObserver((mutations, obs) => {\r\n  const formRede = document.querySelector('.bricks-form'); \/\/ Classe padr\u00e3o do RD\r\n  if (formRede) {\r\n    alterarTextosRD();\r\n    \/\/ Opcional: descomente a linha abaixo se quiser que ele pare de observar ap\u00f3s achar o form\r\n    \/\/ obs.disconnect(); \r\n  }\r\n});\r\n\r\nobserver.observe(document.body, {\r\n  childList: true,\r\n  subtree: true\r\n});\r\n\r\n<\/script>\t\t\t\t<\/div>\n\t\t\t\t<\/div>\n\t\t\t\t\t<\/div>\n\t\t\t\t<\/div>\n\t\t<div class=\"elementor-element elementor-element-fbba3d7 e-flex e-con-boxed e-con e-parent\" data-id=\"fbba3d7\" data-element_type=\"container\" data-e-type=\"container\" data-settings=\"{&quot;background_background&quot;:&quot;classic&quot;}\">\n\t\t\t\t\t<div class=\"e-con-inner\">\n\t\t\t\t<div class=\"elementor-element elementor-element-305489d elementor-absolute elementor-widget elementor-widget-menu-anchor\" data-id=\"305489d\" data-element_type=\"widget\" data-e-type=\"widget\" data-settings=\"{&quot;_position&quot;:&quot;absolute&quot;}\" data-widget_type=\"menu-anchor.default\">\n\t\t\t\t\t\t\t<div class=\"elementor-menu-anchor\" id=\"newsletter\"><\/div>\n\t\t\t\t\t\t<\/div>\n\t\t\t\t<div class=\"elementor-element elementor-element-3f5165e elementor-widget elementor-widget-heading\" data-id=\"3f5165e\" data-element_type=\"widget\" data-e-type=\"widget\" data-widget_type=\"heading.default\">\n\t\t\t\t\t<h2 class=\"elementor-heading-title elementor-size-default\">Recibe las novedades y oportunidades de RBR directamente en tu correo<\/h2>\t\t\t\t<\/div>\n\t\t\t\t<div class=\"elementor-element elementor-element-e88aa3c elementor-widget elementor-widget-text-editor\" data-id=\"e88aa3c\" data-element_type=\"widget\" data-e-type=\"widget\" data-widget_type=\"text-editor.default\">\n\t\t\t\t\t\t\t\t\t<p>Mantente al d\u00eda con las actualizaciones de fondos, nuevas ofertas, an\u00e1lisis de mercado y contenidos exclusivos de nuestro equipo.<\/p>\t\t\t\t\t\t\t\t<\/div>\n\t\t\t\t<div class=\"elementor-element elementor-element-47a9f92 elementor-widget__width-inherit elementor-widget elementor-widget-html\" data-id=\"47a9f92\" data-element_type=\"widget\" data-e-type=\"widget\" data-widget_type=\"html.default\">\n\t\t\t\t\t<div role=\"main\" id=\"rbr_form_home-1e064038eeb5c6f90804\"><\/div>\n<script type=\"text\/javascript\" src=\"https:\/\/d335luupugsy2.cloudfront.net\/js\/rdstation-forms\/stable\/rdstation-forms.min.js\"><\/script>\n<script type=\"text\/javascript\"> new RDStationForms('rbr_form_home-1e064038eeb5c6f90804', 'null').createForm();<\/script>\n\n\n<style>\n.bricks-form__terms{\n    display: none !important;\n}\n\n#rd-form-mg6msmdg{\n    font-size: 0px;\n    color: white;\n    padding: 0px !Important;\n}\n    #rd-form-mg6msmdg .bricks-form__label {\n    font-family: \"Open Sans\", Sans-serif !Important;\n    font-size: 12px !Important;\n    font-weight: 400 !Important;\n    line-height: 1.2em !Important;\n}\n\n#rd-form-mg6msmdg .bricks-form__input {\n    height: 56px !Important;\n    background-color: #ffffff !Important;\n    border-color: #CCCCCC !Important;\n    border-radius: 0px 0px 0px 0px !Important;\n    font-family: \"Open Sans\", Sans-serif !Important;\n    font-size: 12px !Important;\n    font-weight: 400 !Important;\n    line-height: 1.2em !Important;\n    color: black !important;\n}\n\n#rd-form-mg6msmdg .bricks-form__submit {\n    position: relative;\n    float: right;\n    display: block !important;\n    width: 145px;\n    margin: -82px 0 50px 0;\n}\n\n@media(max-width: 900px){\n #rd-form-mg6msmdg .bricks-form__submit {\n    display: block !important;\n    width: 102% !important;\n    margin: 0px -2px 0px 0px !Important;\n}   \n\n#rd-form-mg6msmdg .bricks-form__fieldset {\n    gap: 10px;\n}\n}\n\n#rd-button-mg6msmdj.bricks--component-button {\n    background-color: #1A2C4C !Important;\n    color: #ffffff !Important;\n    font-family: \"Open Sans\", Sans-serif !Important;\n    font-size: 12px !Important;\n    font-weight: 400 !Important;\n    line-height: 1.2em !Important;\n    border-radius: 0px 0px 0px 0px !Important;\n    border: 0px !Important;\n}\n<\/style>\n\n<!-- CSS do Select2 \n<link href=\"https:\/\/cdn.jsdelivr.net\/npm\/select2@4.1.0-rc.0\/dist\/css\/select2.min.css\" rel=\"stylesheet\" \/>\n\n<script src=\"https:\/\/cdn.jsdelivr.net\/npm\/select2@4.1.0-rc.0\/dist\/js\/select2.min.js\"><\/script>\n\n<style>\n\/* Deixar o Select2 igual aos campos do Elementor *\/\n.select2-container--default .select2-selection--multiple {\n  height: 52px; \/* mesma altura dos inputs Elementor *\/\n  border: 1px solid #ccc;\n  border-radius: 4px;\n  display: flex;\n  align-items: center;\n  padding: 5px;\n  font-size: 14px;\n  border-radius: 0px;\n}\n\n.select2-container--default .select2-selection--multiple .select2-selection__choice {\n  background-color: #f3f3f3;\n  border: none;\n  border-radius: 3px;\n  padding: 3px 6px;\n  margin-top: 2px;\n  font-size: 13px;\n}\n\n.select2-container--default .select2-selection--multiple .select2-selection__choice__remove {\n  margin-right: 4px;\n  color: #666;\n}\n\n.select2-container--default .select2-selection--multiple .select2-selection__rendered {\n  display: contents;\n  flex-wrap: wrap;\n  gap: 3px;\n}\n\n.select2-container .select2-search--inline .select2-search__field {\n  margin-top: 0;\n  font-size: 14px;\n}\n\n.elementor-field-group-areaform span.selection textarea{\nfont-family: \"Open Sans\", Sans-serif !Important;\n    font-size: 14px !important;\n    font-weight: 400;\n    }\n    \n.select2-container .select2-search--inline .select2-search__field, .select2-results__option--selectable{\n    font-size: 12px !important;\n}\n<\/style>\n\n<script>\njQuery(function($){\n  $('#form-field-areaform').select2({\n    placeholder: \"Selecione uma ou mais op\u00e7\u00f5es\",\n    allowClear: true,\n    width: '100%' \/\/ ocupa largura total\n  });\n});\n<\/script>\n-->\t\t\t\t<\/div>\n\t\t\t\t<div class=\"elementor-element elementor-element-2b90b50 link elementor-widget__width-initial elementor-widget elementor-widget-text-editor\" data-id=\"2b90b50\" data-element_type=\"widget\" data-e-type=\"widget\" data-widget_type=\"text-editor.default\">\n\t\t\t\t\t\t\t\t\t<p>\u00c9chale un vistazo a nuestra <a href=\"https:\/\/www.rbrasset.com.br\/es\/politica-de-privacidade\/\">La Pol\u00edtica de Privacidad de datos.<\/a><\/p>\t\t\t\t\t\t\t\t<\/div>\n\t\t\t\t\t<\/div>\n\t\t\t\t<\/div>\n\t\t\t\t<\/div>","protected":false},"excerpt":{"rendered":"<p>Reciba directamente en su correo electr\u00f3nico la informaci\u00f3n del\/de los fondo(s) en los que invierte. M\u00e1s informaci\u00f3n Aqu\u00ed puede registrarse para recibir: Informes mensuales de rendimiento Informes de gesti\u00f3n y de resultados Comunicados y hechos relevantes Avisos sobre dividendos y otros eventos *Este formulario es exclusivo para part\u00edcipes que ya invierten en fondos de RBR. Si usted [\u2026]<\/p>","protected":false},"author":1,"featured_media":0,"parent":0,"menu_order":0,"comment_status":"closed","ping_status":"closed","template":"","meta":{"footnotes":""},"class_list":["post-352","page","type-page","status-publish","hentry"],"aioseo_notices":[],"_links":{"self":[{"href":"https:\/\/www.rbrasset.com.br\/es\/wp-json\/wp\/v2\/pages\/352","targetHints":{"allow":["GET"]}}],"collection":[{"href":"https:\/\/www.rbrasset.com.br\/es\/wp-json\/wp\/v2\/pages"}],"about":[{"href":"https:\/\/www.rbrasset.com.br\/es\/wp-json\/wp\/v2\/types\/page"}],"author":[{"embeddable":true,"href":"https:\/\/www.rbrasset.com.br\/es\/wp-json\/wp\/v2\/users\/1"}],"replies":[{"embeddable":true,"href":"https:\/\/www.rbrasset.com.br\/es\/wp-json\/wp\/v2\/comments?post=352"}],"version-history":[{"count":0,"href":"https:\/\/www.rbrasset.com.br\/es\/wp-json\/wp\/v2\/pages\/352\/revisions"}],"wp:attachment":[{"href":"https:\/\/www.rbrasset.com.br\/es\/wp-json\/wp\/v2\/media?parent=352"}],"curies":[{"name":"wp","href":"https:\/\/api.w.org\/{rel}","templated":true}]}}